{"id":117,"date":"2025-11-10T00:08:57","date_gmt":"2025-11-10T00:08:57","guid":{"rendered":"https:\/\/gruposafira.com\/?page_id=117"},"modified":"2025-11-11T01:20:40","modified_gmt":"2025-11-11T01:20:40","slug":"equipa","status":"publish","type":"page","link":"https:\/\/gruposafira.com\/en\/equipa\/","title":{"rendered":"Team"},"content":{"rendered":"<div data-elementor-type=\"wp-page\" data-elementor-id=\"117\" class=\"elementor elementor-117\" data-elementor-post-type=\"page\">\n\t\t\t\t\t\t<section class=\"elementor-section elementor-inner-section elementor-element elementor-element-d5f1a07 elementor-section-height-default elementor-section-boxed elementor-section-height-default\" data-id=\"d5f1a07\" data-element_type=\"section\" data-settings=\"{&quot;background_background&quot;:&quot;classic&quot;}\">\n\t\t\t\t\t\t\t<div class=\"elementor-background-overlay\"><\/div>\n\t\t\t\t\t\t\t<div class=\"elementor-container elementor-column-gap-default\">\n\t\t\t\t\t<div class=\"elementor-column elementor-col-100 elementor-top-column elementor-element elementor-element-4617d01\" data-id=\"4617d01\" data-element_type=\"column\">\n\t\t\t<div class=\"elementor-widget-wrap elementor-element-populated\">\n\t\t\t\t\t\t<div class=\"elementor-element elementor-element-b6ac0a4 elementor-icon-list--layout-inline elementor-align-center elementor-list-item-link-full_width elementor-invisible elementor-widget elementor-widget-icon-list\" data-id=\"b6ac0a4\" data-element_type=\"widget\" data-settings=\"{&quot;_animation&quot;:&quot;fadeInDown&quot;}\" data-widget_type=\"icon-list.default\">\n\t\t\t\t\t\t\t<ul class=\"elementor-icon-list-items elementor-inline-items\">\n\t\t\t\t\t\t\t<li class=\"elementor-icon-list-item elementor-inline-item\">\n\t\t\t\t\t\t\t\t\t\t\t<a href=\"https:\/\/gruposafira.com\/en\/\">\n\n\t\t\t\t\t\t\t\t\t\t\t<span class=\"elementor-icon-list-text\">Home<\/span>\n\t\t\t\t\t\t\t\t\t\t\t<\/a>\n\t\t\t\t\t\t\t\t\t<\/li>\n\t\t\t\t\t\t\t\t<li class=\"elementor-icon-list-item elementor-inline-item\">\n\t\t\t\t\t\t\t\t\t\t\t<a href=\"https:\/\/gruposafira.com\/en\/equipa\/\">\n\n\t\t\t\t\t\t\t\t\t\t\t\t<span class=\"elementor-icon-list-icon\">\n\t\t\t\t\t\t\t<i aria-hidden=\"true\" class=\"mdi mdi-arrow-top-right-thick\"><\/i>\t\t\t\t\t\t<\/span>\n\t\t\t\t\t\t\t\t\t\t<span class=\"elementor-icon-list-text\">Team<\/span>\n\t\t\t\t\t\t\t\t\t\t\t<\/a>\n\t\t\t\t\t\t\t\t\t<\/li>\n\t\t\t\t\t\t<\/ul>\n\t\t\t\t\t\t<\/div>\n\t\t\t\t<div class=\"elementor-element elementor-element-5c617d5 elementor-invisible elementor-widget elementor-widget-heading\" data-id=\"5c617d5\" data-element_type=\"widget\" data-settings=\"{&quot;_animation&quot;:&quot;fadeInUp&quot;}\" data-widget_type=\"heading.default\">\n\t\t\t\t\t<h2 class=\"elementor-heading-title elementor-size-default\">Our Team<\/h2>\t\t\t\t<\/div>\n\t\t\t\t\t<\/div>\n\t\t<\/div>\n\t\t\t\t\t<\/div>\n\t\t<\/section>\n\t\t\t\t<section class=\"elementor-section elementor-inner-section elementor-element elementor-element-dc3af71 elementor-section-height-default elementor-section-boxed elementor-section-height-default\" data-id=\"dc3af71\" data-element_type=\"section\" data-settings=\"{&quot;background_background&quot;:&quot;classic&quot;}\">\n\t\t\t\t\t\t\t<div class=\"elementor-background-overlay\"><\/div>\n\t\t\t\t\t\t\t<div class=\"elementor-container elementor-column-gap-default\">\n\t\t\t\t\t<div class=\"elementor-column elementor-col-100 elementor-top-column elementor-element elementor-element-8d300e4\" data-id=\"8d300e4\" data-element_type=\"column\">\n\t\t\t<div class=\"elementor-widget-wrap elementor-element-populated\">\n\t\t\t\t\t\t<section class=\"elementor-section elementor-inner-section elementor-element elementor-element-bb468bd elementor-section-boxed elementor-section-height-default elementor-section-height-default\" data-id=\"bb468bd\" data-element_type=\"section\">\n\t\t\t\t\t\t<div class=\"elementor-container elementor-column-gap-default\">\n\t\t\t\t\t<div class=\"elementor-column elementor-col-25 elementor-inner-column elementor-element elementor-element-b960091\" data-id=\"b960091\" data-element_type=\"column\">\n\t\t\t<div class=\"elementor-widget-wrap elementor-element-populated\">\n\t\t\t\t\t\t<div class=\"elementor-element elementor-element-454ef28 elementor-widget elementor-widget-heading\" data-id=\"454ef28\" data-element_type=\"widget\" data-widget_type=\"heading.default\">\n\t\t\t\t\t<h2 class=\"elementor-heading-title elementor-size-default\">Nossa Equipe de Gest\u00e3o<\/h2>\t\t\t\t<\/div>\n\t\t\t\t<div class=\"elementor-element elementor-element-b335d89 elementor-widget elementor-widget-text-editor\" data-id=\"b335d89\" data-element_type=\"widget\" data-widget_type=\"text-editor.default\">\n\t\t\t\t\t\t\t\t\t<p>A equipa de Log\u00edstica do Grupo Safira Montes \u00e9 composta por profissionais altamente qualificados e com vasta experi\u00eancia nas \u00e1reas de gest\u00e3o de transportes, opera\u00e7\u00f5es portu\u00e1rias, cadeia de suprimentos e apoio offshore.<\/p>\t\t\t\t\t\t\t\t<\/div>\n\t\t\t\t\t<\/div>\n\t\t<\/div>\n\t\t\t\t<div class=\"elementor-column elementor-col-25 elementor-inner-column elementor-element elementor-element-f7ff460 elementor-invisible\" data-id=\"f7ff460\" data-element_type=\"column\" data-settings=\"{&quot;animation&quot;:&quot;fadeInDown&quot;,&quot;animation_delay&quot;:480}\">\n\t\t\t<div class=\"elementor-widget-wrap elementor-element-populated\">\n\t\t\t\t\t\t<div class=\"elementor-element elementor-element-65c5693 elementor-widget-mobile__width-inherit elementor-widget__width-initial elementor-widget elementor-widget-elementskit-team\" data-id=\"65c5693\" data-element_type=\"widget\" data-widget_type=\"elementskit-team.default\">\n\t\t\t\t<div class=\"elementor-widget-container\">\n\t\t\t\t\t<div class=\"ekit-wid-con\">\t\t\t\t\t\t\t\t\n\t\t<div class=\"profile-card elementor-animation- text-center ekit-team-style-default\">\n\t\t\t\n\t\t\t\t<div class=\"profile-header ekit-team-img ekit-img-overlay ekit-team-img-block\" >\n\t\t\t\t\t<img fetchpriority=\"high\" decoding=\"async\" width=\"1563\" height=\"1563\" src=\"https:\/\/gruposafira.com\/wp-content\/uploads\/2025\/11\/1-12.webp\" class=\"attachment-full size-full wp-image-897\" alt=\"\" srcset=\"https:\/\/gruposafira.com\/wp-content\/uploads\/2025\/11\/1-12.webp 1563w, https:\/\/gruposafira.com\/wp-content\/uploads\/2025\/11\/1-12-300x300.webp 300w, https:\/\/gruposafira.com\/wp-content\/uploads\/2025\/11\/1-12-1024x1024.webp 1024w, https:\/\/gruposafira.com\/wp-content\/uploads\/2025\/11\/1-12-150x150.webp 150w, https:\/\/gruposafira.com\/wp-content\/uploads\/2025\/11\/1-12-768x768.webp 768w, https:\/\/gruposafira.com\/wp-content\/uploads\/2025\/11\/1-12-1536x1536.webp 1536w\" sizes=\"(max-width: 1563px) 100vw, 1563px\" \/>\t\t\t\t<\/div><!-- .profile-header END -->\n\t\t\t\n\n\t\t\t\t<div class=\"profile-body\">\n\t\t\t\t\t\n\t\t\t\t\t<h2 class=\"profile-title\">\n\t\t\t\t\t\t\t\t\t\t\tJonas Paulo\t\t\t\t\t\t\t\t\t\t<\/h2>\n\t\t\t\t\t<p class=\"profile-designation\">Director<\/p>\n\t\t\t\t\t\t\t\t\t<\/div><!-- .profile-body END -->\n\n\t\t\t\t\t\t\t\t<\/div>\n\t\t\t\t\t\t\t\n\t\t\t\n\t\t\t\t<\/div>\t\t\t\t<\/div>\n\t\t\t\t<\/div>\n\t\t\t\t\t<\/div>\n\t\t<\/div>\n\t\t\t\t<div class=\"elementor-column elementor-col-25 elementor-inner-column elementor-element elementor-element-488a6e9 elementor-invisible\" data-id=\"488a6e9\" data-element_type=\"column\" data-settings=\"{&quot;animation&quot;:&quot;fadeInDown&quot;,&quot;animation_delay&quot;:240}\">\n\t\t\t<div class=\"elementor-widget-wrap elementor-element-populated\">\n\t\t\t\t\t\t<div class=\"elementor-element elementor-element-02f2c13 elementor-widget-mobile__width-inherit elementor-widget__width-initial elementor-widget elementor-widget-elementskit-team\" data-id=\"02f2c13\" data-element_type=\"widget\" data-widget_type=\"elementskit-team.default\">\n\t\t\t\t<div class=\"elementor-widget-container\">\n\t\t\t\t\t<div class=\"ekit-wid-con\">\t\t\t\t\t\t\t\t\n\t\t<div class=\"profile-card elementor-animation- text-center ekit-team-style-default\">\n\t\t\t\n\t\t\t\t<div class=\"profile-header ekit-team-img ekit-img-overlay ekit-team-img-block\" >\n\t\t\t\t\t<img decoding=\"async\" width=\"1563\" height=\"1563\" src=\"https:\/\/gruposafira.com\/wp-content\/uploads\/2025\/11\/2-11.webp\" class=\"attachment-full size-full wp-image-898\" alt=\"\" srcset=\"https:\/\/gruposafira.com\/wp-content\/uploads\/2025\/11\/2-11.webp 1563w, https:\/\/gruposafira.com\/wp-content\/uploads\/2025\/11\/2-11-300x300.webp 300w, https:\/\/gruposafira.com\/wp-content\/uploads\/2025\/11\/2-11-1024x1024.webp 1024w, https:\/\/gruposafira.com\/wp-content\/uploads\/2025\/11\/2-11-150x150.webp 150w, https:\/\/gruposafira.com\/wp-content\/uploads\/2025\/11\/2-11-768x768.webp 768w, https:\/\/gruposafira.com\/wp-content\/uploads\/2025\/11\/2-11-1536x1536.webp 1536w\" sizes=\"(max-width: 1563px) 100vw, 1563px\" \/>\t\t\t\t<\/div><!-- .profile-header END -->\n\t\t\t\n\n\t\t\t\t<div class=\"profile-body\">\n\t\t\t\t\t\n\t\t\t\t\t<h2 class=\"profile-title\">\n\t\t\t\t\t\t\t\t\t\t\tAnt\u00f3nio Miguel\t\t\t\t\t\t\t\t\t\t<\/h2>\n\t\t\t\t\t<p class=\"profile-designation\">Supervisor<\/p>\n\t\t\t\t\t\t\t\t\t<\/div><!-- .profile-body END -->\n\n\t\t\t\t\t\t\t\t<\/div>\n\t\t\t\t\t\t\t\n\t\t\t\n\t\t\t\t<\/div>\t\t\t\t<\/div>\n\t\t\t\t<\/div>\n\t\t\t\t\t<\/div>\n\t\t<\/div>\n\t\t\t\t<div class=\"elementor-column elementor-col-25 elementor-inner-column elementor-element elementor-element-1f7154e elementor-invisible\" data-id=\"1f7154e\" data-element_type=\"column\" data-settings=\"{&quot;animation&quot;:&quot;fadeInDown&quot;}\">\n\t\t\t<div class=\"elementor-widget-wrap elementor-element-populated\">\n\t\t\t\t\t\t<div class=\"elementor-element elementor-element-b225bd6 elementor-widget-mobile__width-inherit elementor-widget__width-initial elementor-widget elementor-widget-elementskit-team\" data-id=\"b225bd6\" data-element_type=\"widget\" data-widget_type=\"elementskit-team.default\">\n\t\t\t\t<div class=\"elementor-widget-container\">\n\t\t\t\t\t<div class=\"ekit-wid-con\">\t\t\t\t\t\t\t\t\n\t\t<div class=\"profile-card elementor-animation- text-center ekit-team-style-default\">\n\t\t\t\n\t\t\t\t<div class=\"profile-header ekit-team-img ekit-img-overlay ekit-team-img-block\" >\n\t\t\t\t\t<img decoding=\"async\" width=\"1563\" height=\"1563\" src=\"https:\/\/gruposafira.com\/wp-content\/uploads\/2025\/11\/3-7.webp\" class=\"attachment-full size-full wp-image-899\" alt=\"\" srcset=\"https:\/\/gruposafira.com\/wp-content\/uploads\/2025\/11\/3-7.webp 1563w, https:\/\/gruposafira.com\/wp-content\/uploads\/2025\/11\/3-7-300x300.webp 300w, https:\/\/gruposafira.com\/wp-content\/uploads\/2025\/11\/3-7-1024x1024.webp 1024w, https:\/\/gruposafira.com\/wp-content\/uploads\/2025\/11\/3-7-150x150.webp 150w, https:\/\/gruposafira.com\/wp-content\/uploads\/2025\/11\/3-7-768x768.webp 768w, https:\/\/gruposafira.com\/wp-content\/uploads\/2025\/11\/3-7-1536x1536.webp 1536w\" sizes=\"(max-width: 1563px) 100vw, 1563px\" \/>\t\t\t\t<\/div><!-- .profile-header END -->\n\t\t\t\n\n\t\t\t\t<div class=\"profile-body\">\n\t\t\t\t\t\n\t\t\t\t\t<h2 class=\"profile-title\">\n\t\t\t\t\t\t\t\t\t\t\tAnderson Jos\u00e9\t\t\t\t\t\t\t\t\t\t<\/h2>\n\t\t\t\t\t<p class=\"profile-designation\">Secretary<\/p>\n\t\t\t\t\t\t\t\t\t<\/div><!-- .profile-body END -->\n\n\t\t\t\t\t\t\t\t<\/div>\n\t\t\t\t\t\t\t\n\t\t\t\n\t\t\t\t<\/div>\t\t\t\t<\/div>\n\t\t\t\t<\/div>\n\t\t\t\t\t<\/div>\n\t\t<\/div>\n\t\t\t\t\t<\/div>\n\t\t<\/section>\n\t\t\t\t<section class=\"elementor-section elementor-inner-section elementor-element elementor-element-9e1fd75 elementor-section-boxed elementor-section-height-default elementor-section-height-default\" data-id=\"9e1fd75\" data-element_type=\"section\">\n\t\t\t\t\t\t<div class=\"elementor-container elementor-column-gap-default\">\n\t\t\t\t\t<div class=\"elementor-column elementor-col-25 elementor-inner-column elementor-element elementor-element-ca578dd\" data-id=\"ca578dd\" data-element_type=\"column\">\n\t\t\t<div class=\"elementor-widget-wrap elementor-element-populated\">\n\t\t\t\t\t\t<div class=\"elementor-element elementor-element-5258050 elementor-widget-mobile__width-inherit elementor-widget__width-initial elementor-widget elementor-widget-elementskit-team\" data-id=\"5258050\" data-element_type=\"widget\" data-widget_type=\"elementskit-team.default\">\n\t\t\t\t<div class=\"elementor-widget-container\">\n\t\t\t\t\t<div class=\"ekit-wid-con\">\t\t\t\t\t\t\t\t\n\t\t<div class=\"profile-card elementor-animation- text-center ekit-team-style-default\">\n\t\t\t\n\t\t\t\t<div class=\"profile-header ekit-team-img ekit-img-overlay ekit-team-img-block\" >\n\t\t\t\t\t<img loading=\"lazy\" decoding=\"async\" width=\"1563\" height=\"1563\" src=\"https:\/\/gruposafira.com\/wp-content\/uploads\/2025\/11\/4-4.webp\" class=\"attachment-full size-full wp-image-900\" alt=\"\" srcset=\"https:\/\/gruposafira.com\/wp-content\/uploads\/2025\/11\/4-4.webp 1563w, https:\/\/gruposafira.com\/wp-content\/uploads\/2025\/11\/4-4-300x300.webp 300w, https:\/\/gruposafira.com\/wp-content\/uploads\/2025\/11\/4-4-1024x1024.webp 1024w, https:\/\/gruposafira.com\/wp-content\/uploads\/2025\/11\/4-4-150x150.webp 150w, https:\/\/gruposafira.com\/wp-content\/uploads\/2025\/11\/4-4-768x768.webp 768w, https:\/\/gruposafira.com\/wp-content\/uploads\/2025\/11\/4-4-1536x1536.webp 1536w\" sizes=\"(max-width: 1563px) 100vw, 1563px\" \/>\t\t\t\t<\/div><!-- .profile-header END -->\n\t\t\t\n\n\t\t\t\t<div class=\"profile-body\">\n\t\t\t\t\t\n\t\t\t\t\t<h2 class=\"profile-title\">\n\t\t\t\t\t\t\t\t\t\t\tOrlando Tavares\t\t\t\t\t\t\t\t\t\t<\/h2>\n\t\t\t\t\t<p class=\"profile-designation\">Logistics Technician<\/p>\n\t\t\t\t\t\t\t\t\t<\/div><!-- .profile-body END -->\n\n\t\t\t\t\t\t\t\t<\/div>\n\t\t\t\t\t\t\t\n\t\t\t\n\t\t\t\t<\/div>\t\t\t\t<\/div>\n\t\t\t\t<\/div>\n\t\t\t\t\t<\/div>\n\t\t<\/div>\n\t\t\t\t<div class=\"elementor-column elementor-col-25 elementor-inner-column elementor-element elementor-element-ddd500b elementor-invisible\" data-id=\"ddd500b\" data-element_type=\"column\" data-settings=\"{&quot;animation&quot;:&quot;fadeInDown&quot;,&quot;animation_delay&quot;:480}\">\n\t\t\t<div class=\"elementor-widget-wrap elementor-element-populated\">\n\t\t\t\t\t\t<div class=\"elementor-element elementor-element-967ab79 elementor-widget-mobile__width-inherit elementor-widget__width-initial elementor-widget elementor-widget-elementskit-team\" data-id=\"967ab79\" data-element_type=\"widget\" data-widget_type=\"elementskit-team.default\">\n\t\t\t\t<div class=\"elementor-widget-container\">\n\t\t\t\t\t<div class=\"ekit-wid-con\">\t\t\t\t\t\t\t\t\n\t\t<div class=\"profile-card elementor-animation- text-center ekit-team-style-default\">\n\t\t\t\n\t\t\t\t<div class=\"profile-header ekit-team-img ekit-img-overlay ekit-team-img-block\" >\n\t\t\t\t\t<img loading=\"lazy\" decoding=\"async\" width=\"1563\" height=\"1563\" src=\"https:\/\/gruposafira.com\/wp-content\/uploads\/2025\/11\/5-3.webp\" class=\"attachment-full size-full wp-image-901\" alt=\"\" srcset=\"https:\/\/gruposafira.com\/wp-content\/uploads\/2025\/11\/5-3.webp 1563w, https:\/\/gruposafira.com\/wp-content\/uploads\/2025\/11\/5-3-300x300.webp 300w, https:\/\/gruposafira.com\/wp-content\/uploads\/2025\/11\/5-3-1024x1024.webp 1024w, https:\/\/gruposafira.com\/wp-content\/uploads\/2025\/11\/5-3-150x150.webp 150w, https:\/\/gruposafira.com\/wp-content\/uploads\/2025\/11\/5-3-768x768.webp 768w, https:\/\/gruposafira.com\/wp-content\/uploads\/2025\/11\/5-3-1536x1536.webp 1536w\" sizes=\"(max-width: 1563px) 100vw, 1563px\" \/>\t\t\t\t<\/div><!-- .profile-header END -->\n\t\t\t\n\n\t\t\t\t<div class=\"profile-body\">\n\t\t\t\t\t\n\t\t\t\t\t<h2 class=\"profile-title\">\n\t\t\t\t\t\t\t\t\t\t\tDomingos Andr\u00e9\t\t\t\t\t\t\t\t\t\t<\/h2>\n\t\t\t\t\t<p class=\"profile-designation\">Logistics Technician<\/p>\n\t\t\t\t\t\t\t\t\t<\/div><!-- .profile-body END -->\n\n\t\t\t\t\t\t\t\t<\/div>\n\t\t\t\t\t\t\t\n\t\t\t\n\t\t\t\t<\/div>\t\t\t\t<\/div>\n\t\t\t\t<\/div>\n\t\t\t\t\t<\/div>\n\t\t<\/div>\n\t\t\t\t<div class=\"elementor-column elementor-col-25 elementor-inner-column elementor-element elementor-element-bfdf722 elementor-invisible\" data-id=\"bfdf722\" data-element_type=\"column\" data-settings=\"{&quot;animation&quot;:&quot;fadeInDown&quot;,&quot;animation_delay&quot;:240}\">\n\t\t\t<div class=\"elementor-widget-wrap\">\n\t\t\t\t\t\t\t<\/div>\n\t\t<\/div>\n\t\t\t\t<div class=\"elementor-column elementor-col-25 elementor-inner-column elementor-element elementor-element-97fe21e elementor-invisible\" data-id=\"97fe21e\" data-element_type=\"column\" data-settings=\"{&quot;animation&quot;:&quot;fadeInDown&quot;}\">\n\t\t\t<div class=\"elementor-widget-wrap\">\n\t\t\t\t\t\t\t<\/div>\n\t\t<\/div>\n\t\t\t\t\t<\/div>\n\t\t<\/section>\n\t\t\t\t\t<\/div>\n\t\t<\/div>\n\t\t\t\t\t<\/div>\n\t\t<\/section>\n\t\t\t\t<\/div>","protected":false},"excerpt":{"rendered":"<p>Home Equipa Nossa Equipa Nossa Equipe de Gest\u00e3o A equipa de Log\u00edstica do Grupo Safira Montes \u00e9 composta por profissionais altamente qualificados e com vasta experi\u00eancia nas \u00e1reas de gest\u00e3o de transportes, opera\u00e7\u00f5es portu\u00e1rias, cadeia de suprimentos e apoio offshore. Jonas Paulo Director Ant\u00f3nio Miguel Supervisor Anderson Jos\u00e9 Secret\u00e1rio Orlando Tavares T\u00e9cnico de Logistica Domingos [&hellip;]<\/p>","protected":false},"author":1,"featured_media":0,"parent":0,"menu_order":0,"comment_status":"closed","ping_status":"closed","template":"elementor_header_footer","meta":{"footnotes":""},"class_list":["post-117","page","type-page","status-publish","hentry"],"_links":{"self":[{"href":"https:\/\/gruposafira.com\/en\/wp-json\/wp\/v2\/pages\/117","targetHints":{"allow":["GET"]}}],"collection":[{"href":"https:\/\/gruposafira.com\/en\/wp-json\/wp\/v2\/pages"}],"about":[{"href":"https:\/\/gruposafira.com\/en\/wp-json\/wp\/v2\/types\/page"}],"author":[{"embeddable":true,"href":"https:\/\/gruposafira.com\/en\/wp-json\/wp\/v2\/users\/1"}],"replies":[{"embeddable":true,"href":"https:\/\/gruposafira.com\/en\/wp-json\/wp\/v2\/comments?post=117"}],"version-history":[{"count":79,"href":"https:\/\/gruposafira.com\/en\/wp-json\/wp\/v2\/pages\/117\/revisions"}],"predecessor-version":[{"id":1095,"href":"https:\/\/gruposafira.com\/en\/wp-json\/wp\/v2\/pages\/117\/revisions\/1095"}],"wp:attachment":[{"href":"https:\/\/gruposafira.com\/en\/wp-json\/wp\/v2\/media?parent=117"}],"curies":[{"name":"wp","href":"https:\/\/api.w.org\/{rel}","templated":true}]}}